{"id":27,"date":"2015-02-18T13:59:53","date_gmt":"2015-02-18T13:59:53","guid":{"rendered":"http:\/\/ekoxenshvb.se\/wp\/?page_id=27"},"modified":"2022-11-09T14:14:20","modified_gmt":"2022-11-09T14:14:20","slug":"aktiviteter","status":"publish","type":"page","link":"https:\/\/ekoxenshvb.se\/wp\/aktiviteter\/","title":{"rendered":"Aktiviteter"},"content":{"rendered":"<p><span style=\"font-family: tahoma, arial, helvetica, sans-serif;\">Ut\u00f6ver skola, praktik eller arbete ska ungdomarnas individuella fritidsintressen fr\u00e4mjas.<\/span><\/p>\n<p align=\"left\"><span style=\"font-family: Tahoma;\"><br \/>\nP\u00e5 Ekoxen har vi ett litet snickeri, mindre verkstad f\u00f6r att kunna meka med motorer. M\u00f6jlighet till fiske och all typ av jakt d\u00e5 vi har egen jaktmark, \u00e4ven m\u00f6jlighet till att l\u00e4ra sig att hantera och tillaga viltk\u00f6tt. Vi har hundar och katter p\u00e5 Ekoxen.<br \/>\nVi brukar aktivera oss med spel i tr\u00e4dg\u00e5rden t.ex volleyboll, br\u00e4nnboll, kubb, crocket eller liknande. Ibland \u00e5ker vi iv\u00e4g f\u00f6r att k\u00f6ra go-cart eller kanske spela mini-golf.<\/span><\/p>\n<p><span style=\"font-family: tahoma, arial, helvetica, sans-serif;\">Det finns en pool att bada i p\u00e5 sommaren.<\/span><br \/>\n<span style=\"font-family: tahoma, arial, helvetica, sans-serif;\">Att bada p\u00e5 vintern \u00e4r inga problem, h\u00e4r finns ett uppv\u00e4rmt utomhus massagespa.<\/span><\/p>\n<p align=\"left\"><span style=\"font-family: tahoma, arial, helvetica, sans-serif;\"> Det finns m\u00f6jlighet till avslappningsmassage eller\u00a0en stunds avkoppling i massagestolen\u00a0i v\u00e5r Relaxh\u00f6rna.<\/span><\/p>\n<p><span style=\"font-family: tahoma, arial, helvetica, sans-serif;\">Gillar man TV.spel finns det PS4, X-BOX 360 och PC.<\/span><\/p>\n<p>Det \u00e4r 8 km till idrottshall, fotbollsplan, simhall,\u00a0spontan idrottsplats, gym,\u00a0bibliotek, fritidsg\u00e5rd, golfbana och skidbacke<\/p>\n<p>&nbsp;<\/p>\n\n\t\t<style type=\"text\/css\">\n\t\t\t#gallery-1 {\n\t\t\t\tmargin: auto;\n\t\t\t}\n\t\t\t#gallery-1 .gallery-item {\n\t\t\t\tfloat: left;\n\t\t\t\tmargin-top: 10px;\n\t\t\t\ttext-align: center;\n\t\t\t\twidth: 33%;\n\t\t\t}\n\t\t\t#gallery-1 img {\n\t\t\t\tborder: 2px solid #cfcfcf;\n\t\t\t}\n\t\t\t#gallery-1 .gallery-caption {\n\t\t\t\tmargin-left: 0;\n\t\t\t}\n\t\t\t\/* see gallery_shortcode() in wp-includes\/media.php *\/\n\t\t<\/style>\n\t\t<div id='gallery-1' class='gallery galleryid-27 gallery-columns-3 gallery-size-thumbnail'><dl class='gallery-item'>\n\t\t\t<dt class='gallery-icon landscape'>\n\t\t\t\t<a href='https:\/\/ekoxenshvb.se\/wp\/about\/attachment\/foto-2018-06-25-13-05-54\/'><img loading=\"lazy\" decoding=\"async\" width=\"150\" height=\"150\" src=\"https:\/\/ekoxenshvb.se\/wp\/wp-content\/uploads\/2018\/08\/Foto-2018-06-25-13-05-54-150x150.jpg\" class=\"attachment-thumbnail size-thumbnail\" alt=\"\" aria-describedby=\"gallery-1-138\" \/><\/a>\n\t\t\t<\/dt>\n\t\t\t\t<dd class='wp-caption-text gallery-caption' id='gallery-1-138'>\n\t\t\t\tHuset Entr\u00e9\n\t\t\t\t<\/dd><\/dl><dl class='gallery-item'>\n\t\t\t<dt class='gallery-icon landscape'>\n\t\t\t\t<a href='https:\/\/ekoxenshvb.se\/wp\/about\/attachment\/foto-2018-06-25-13-08-43\/'><img loading=\"lazy\" decoding=\"async\" width=\"150\" height=\"150\" src=\"https:\/\/ekoxenshvb.se\/wp\/wp-content\/uploads\/2018\/08\/Foto-2018-06-25-13-08-43-150x150.jpg\" class=\"attachment-thumbnail size-thumbnail\" alt=\"\" aria-describedby=\"gallery-1-151\" \/><\/a>\n\t\t\t<\/dt>\n\t\t\t\t<dd class='wp-caption-text gallery-caption' id='gallery-1-151'>\n\t\t\t\tPoolomr\u00e5det\n\t\t\t\t<\/dd><\/dl><dl class='gallery-item'>\n\t\t\t<dt class='gallery-icon landscape'>\n\t\t\t\t<a href='https:\/\/ekoxenshvb.se\/wp\/aktiviteter\/attachment\/06_l\/'><img loading=\"lazy\" decoding=\"async\" width=\"150\" height=\"150\" src=\"https:\/\/ekoxenshvb.se\/wp\/wp-content\/uploads\/2015\/02\/06_l-150x150.jpg\" class=\"attachment-thumbnail size-thumbnail\" alt=\"\" aria-describedby=\"gallery-1-39\" \/><\/a>\n\t\t\t<\/dt>\n\t\t\t\t<dd class='wp-caption-text gallery-caption' id='gallery-1-39'>\n\t\t\t\tPool\n\t\t\t\t<\/dd><\/dl><br style=\"clear: both\" \/><dl class='gallery-item'>\n\t\t\t<dt class='gallery-icon landscape'>\n\t\t\t\t<a href='https:\/\/ekoxenshvb.se\/wp\/aktiviteter\/attachment\/bild-1\/'><img loading=\"lazy\" decoding=\"async\" width=\"150\" height=\"150\" src=\"https:\/\/ekoxenshvb.se\/wp\/wp-content\/uploads\/2015\/02\/bild-1-150x150.jpg\" class=\"attachment-thumbnail size-thumbnail\" alt=\"\" aria-describedby=\"gallery-1-53\" \/><\/a>\n\t\t\t<\/dt>\n\t\t\t\t<dd class='wp-caption-text gallery-caption' id='gallery-1-53'>\n\t\t\t\tPool\n\t\t\t\t<\/dd><\/dl><dl class='gallery-item'>\n\t\t\t<dt class='gallery-icon landscape'>\n\t\t\t\t<a href='https:\/\/ekoxenshvb.se\/wp\/about\/attachment\/foto-2018-06-25-13-08-56\/'><img loading=\"lazy\" decoding=\"async\" width=\"150\" height=\"150\" src=\"https:\/\/ekoxenshvb.se\/wp\/wp-content\/uploads\/2018\/08\/Foto-2018-06-25-13-08-56-150x150.jpg\" class=\"attachment-thumbnail size-thumbnail\" alt=\"\" aria-describedby=\"gallery-1-153\" \/><\/a>\n\t\t\t<\/dt>\n\t\t\t\t<dd class='wp-caption-text gallery-caption' id='gallery-1-153'>\n\t\t\t\tSPA\n\t\t\t\t<\/dd><\/dl><dl class='gallery-item'>\n\t\t\t<dt class='gallery-icon landscape'>\n\t\t\t\t<a href='https:\/\/ekoxenshvb.se\/wp\/aktiviteter\/attachment\/img_2370\/'><img loading=\"lazy\" decoding=\"async\" width=\"150\" height=\"150\" src=\"https:\/\/ekoxenshvb.se\/wp\/wp-content\/uploads\/2015\/02\/IMG_2370-150x150.jpg\" class=\"attachment-thumbnail size-thumbnail\" alt=\"\" aria-describedby=\"gallery-1-43\" \/><\/a>\n\t\t\t<\/dt>\n\t\t\t\t<dd class='wp-caption-text gallery-caption' id='gallery-1-43'>\n\t\t\t\tHuset fr\u00e5n baksidan\n\t\t\t\t<\/dd><\/dl><br style=\"clear: both\" \/><dl class='gallery-item'>\n\t\t\t<dt class='gallery-icon landscape'>\n\t\t\t\t<a href='https:\/\/ekoxenshvb.se\/wp\/aktiviteter\/attachment\/img_2394\/'><img loading=\"lazy\" decoding=\"async\" width=\"150\" height=\"150\" src=\"https:\/\/ekoxenshvb.se\/wp\/wp-content\/uploads\/2015\/02\/IMG_2394-150x150.jpg\" class=\"attachment-thumbnail size-thumbnail\" alt=\"\" aria-describedby=\"gallery-1-54\" \/><\/a>\n\t\t\t<\/dt>\n\t\t\t\t<dd class='wp-caption-text gallery-caption' id='gallery-1-54'>\n\t\t\t\tSpa\n\t\t\t\t<\/dd><\/dl><dl class='gallery-item'>\n\t\t\t<dt class='gallery-icon landscape'>\n\t\t\t\t<a href='https:\/\/ekoxenshvb.se\/wp\/about\/attachment\/foto-2018-06-25-13-08-20\/'><img loading=\"lazy\" decoding=\"async\" width=\"150\" height=\"150\" src=\"https:\/\/ekoxenshvb.se\/wp\/wp-content\/uploads\/2018\/08\/Foto-2018-06-25-13-08-20-150x150.jpg\" class=\"attachment-thumbnail size-thumbnail\" alt=\"\" aria-describedby=\"gallery-1-149\" \/><\/a>\n\t\t\t<\/dt>\n\t\t\t\t<dd class='wp-caption-text gallery-caption' id='gallery-1-149'>\n\t\t\t\tPool\n\t\t\t\t<\/dd><\/dl><dl class='gallery-item'>\n\t\t\t<dt class='gallery-icon landscape'>\n\t\t\t\t<a href='https:\/\/ekoxenshvb.se\/wp\/about\/attachment\/foto-2018-06-25-13-06-30\/'><img loading=\"lazy\" decoding=\"async\" width=\"150\" height=\"150\" src=\"https:\/\/ekoxenshvb.se\/wp\/wp-content\/uploads\/2018\/08\/Foto-2018-06-25-13-06-30-150x150.jpg\" class=\"attachment-thumbnail size-thumbnail\" alt=\"\" aria-describedby=\"gallery-1-141\" \/><\/a>\n\t\t\t<\/dt>\n\t\t\t\t<dd class='wp-caption-text gallery-caption' id='gallery-1-141'>\n\t\t\t\tHundstall med uteg\u00e5rd\n\t\t\t\t<\/dd><\/dl><br style=\"clear: both\" \/><dl class='gallery-item'>\n\t\t\t<dt class='gallery-icon landscape'>\n\t\t\t\t<a href='https:\/\/ekoxenshvb.se\/wp\/aktiviteter\/attachment\/jakt6\/'><img loading=\"lazy\" decoding=\"async\" width=\"150\" height=\"150\" src=\"https:\/\/ekoxenshvb.se\/wp\/wp-content\/uploads\/2015\/02\/jakt6-150x150.jpg\" class=\"attachment-thumbnail size-thumbnail\" alt=\"\" aria-describedby=\"gallery-1-41\" \/><\/a>\n\t\t\t<\/dt>\n\t\t\t\t<dd class='wp-caption-text gallery-caption' id='gallery-1-41'>\n\t\t\t\tJakthund\n\t\t\t\t<\/dd><\/dl><dl class='gallery-item'>\n\t\t\t<dt class='gallery-icon landscape'>\n\t\t\t\t<a href='https:\/\/ekoxenshvb.se\/wp\/aktiviteter\/attachment\/pic1\/'><img loading=\"lazy\" decoding=\"async\" width=\"150\" height=\"150\" src=\"https:\/\/ekoxenshvb.se\/wp\/wp-content\/uploads\/2015\/02\/pic1-150x150.jpg\" class=\"attachment-thumbnail size-thumbnail\" alt=\"\" \/><\/a>\n\t\t\t<\/dt><\/dl><dl class='gallery-item'>\n\t\t\t<dt class='gallery-icon landscape'>\n\t\t\t\t<a href='https:\/\/ekoxenshvb.se\/wp\/aktiviteter\/attachment\/pig\/'><img loading=\"lazy\" decoding=\"async\" width=\"150\" height=\"150\" src=\"https:\/\/ekoxenshvb.se\/wp\/wp-content\/uploads\/2015\/02\/pig-150x150.jpg\" class=\"attachment-thumbnail size-thumbnail\" alt=\"\" aria-describedby=\"gallery-1-40\" \/><\/a>\n\t\t\t<\/dt>\n\t\t\t\t<dd class='wp-caption-text gallery-caption' id='gallery-1-40'>\n\t\t\t\tJakt\n\t\t\t\t<\/dd><\/dl><br style=\"clear: both\" \/><dl class='gallery-item'>\n\t\t\t<dt class='gallery-icon landscape'>\n\t\t\t\t<a href='https:\/\/ekoxenshvb.se\/wp\/about\/attachment\/foto-2018-06-25-13-08-01\/'><img loading=\"lazy\" decoding=\"async\" width=\"150\" height=\"150\" src=\"https:\/\/ekoxenshvb.se\/wp\/wp-content\/uploads\/2018\/08\/Foto-2018-06-25-13-08-01-150x150.jpg\" class=\"attachment-thumbnail size-thumbnail\" alt=\"\" aria-describedby=\"gallery-1-147\" \/><\/a>\n\t\t\t<\/dt>\n\t\t\t\t<dd class='wp-caption-text gallery-caption' id='gallery-1-147'>\n\t\t\t\tDamm och trivselplats\n\t\t\t\t<\/dd><\/dl>\n\t\t\t<br style='clear: both' \/>\n\t\t<\/div>\n\n<p>&nbsp;<\/p>\n","protected":false},"excerpt":{"rendered":"<p>Ut\u00f6ver skola, praktik eller arbete ska ungdomarnas individuella fritidsintressen fr\u00e4mjas. P\u00e5 Ekoxen har vi ett litet snickeri, mindre verkstad f\u00f6r att kunna meka med motorer. M\u00f6jlighet till fiske och all typ av jakt d\u00e5 vi har egen jaktmark, \u00e4ven m\u00f6jlighet till att l\u00e4ra sig att hantera och tillaga viltk\u00f6tt. Vi har hundar och katter p\u00e5&#8230;<\/p>\n","protected":false},"author":1,"featured_media":0,"parent":0,"menu_order":2,"comment_status":"closed","ping_status":"closed","template":"","meta":{"jetpack_post_was_ever_published":false,"footnotes":""},"jetpack_sharing_enabled":true,"jetpack_shortlink":"https:\/\/wp.me\/PamkKl-r","_links":{"self":[{"href":"https:\/\/ekoxenshvb.se\/wp\/wp-json\/wp\/v2\/pages\/27"}],"collection":[{"href":"https:\/\/ekoxenshvb.se\/wp\/wp-json\/wp\/v2\/pages"}],"about":[{"href":"https:\/\/ekoxenshvb.se\/wp\/wp-json\/wp\/v2\/types\/page"}],"author":[{"embeddable":true,"href":"https:\/\/ekoxenshvb.se\/wp\/wp-json\/wp\/v2\/users\/1"}],"replies":[{"embeddable":true,"href":"https:\/\/ekoxenshvb.se\/wp\/wp-json\/wp\/v2\/comments?post=27"}],"version-history":[{"count":20,"href":"https:\/\/ekoxenshvb.se\/wp\/wp-json\/wp\/v2\/pages\/27\/revisions"}],"predecessor-version":[{"id":201,"href":"https:\/\/ekoxenshvb.se\/wp\/wp-json\/wp\/v2\/pages\/27\/revisions\/201"}],"wp:attachment":[{"href":"https:\/\/ekoxenshvb.se\/wp\/wp-json\/wp\/v2\/media?parent=27"}],"curies":[{"name":"wp","href":"https:\/\/api.w.org\/{rel}","templated":true}]}}